{"id":25,"date":"2024-02-20T10:57:05","date_gmt":"2024-02-20T10:57:05","guid":{"rendered":"https:\/\/centrum.digitalstrategi.no\/?page_id=25"},"modified":"2026-03-09T10:05:08","modified_gmt":"2026-03-09T08:05:08","slug":"om-oss","status":"publish","type":"page","link":"https:\/\/centrumtrafikk.no\/gavekort\/om-oss\/","title":{"rendered":"Om oss"},"content":{"rendered":"\t\t<div data-elementor-type=\"wp-page\" data-elementor-id=\"25\" class=\"elementor elementor-25\" data-elementor-settings=\"{&quot;ha_cmc_init_switcher&quot;:&quot;no&quot;}\" data-elementor-post-type=\"page\">\n\t\t\t\t<div class=\"elementor-element elementor-element-20b376ee e-flex e-con-boxed e-con e-parent\" data-id=\"20b376ee\" data-element_type=\"container\" data-e-type=\"container\" data-settings=\"{&quot;background_background&quot;:&quot;classic&quot;,&quot;_ha_eqh_enable&quot;:false}\">\n\t\t\t\t\t<div class=\"e-con-inner\">\n\t\t<div class=\"elementor-element elementor-element-bbe58b7 e-con-full animated-slow e-flex elementor-invisible e-con e-child\" data-id=\"bbe58b7\" data-element_type=\"container\" data-e-type=\"container\" data-settings=\"{&quot;animation&quot;:&quot;fadeInUp&quot;,&quot;animation_delay&quot;:0,&quot;_ha_eqh_enable&quot;:false}\">\n\t\t\t\t<div class=\"elementor-element elementor-element-2ef33ff9 elementor-invisible elementor-widget elementor-widget-heading\" data-id=\"2ef33ff9\" data-element_type=\"widget\" data-e-type=\"widget\" data-settings=\"{&quot;_animation&quot;:&quot;fadeInUp&quot;}\" data-widget_type=\"heading.default\">\n\t\t\t\t<div class=\"elementor-widget-container\">\n\t\t\t\t\t<h1 class=\"elementor-heading-title elementor-size-default\">Om oss<\/h1>\t\t\t\t<\/div>\n\t\t\t\t<\/div>\n\t\t\t\t<div class=\"elementor-element elementor-element-6a16897e elementor-widget-laptop__width-initial elementor-widget__width-initial elementor-invisible elementor-widget elementor-widget-heading\" data-id=\"6a16897e\" data-element_type=\"widget\" data-e-type=\"widget\" data-settings=\"{&quot;_animation&quot;:&quot;fadeInUp&quot;}\" data-widget_type=\"heading.default\">\n\t\t\t\t<div class=\"elementor-widget-container\">\n\t\t\t\t\t<h2 class=\"elementor-heading-title elementor-size-default\">Centrum Trafikkskole er Bergens st\u00f8rste kj\u00f8reskole. Vi har lang erfaring og gir deg personlig oppf\u00f8lging fra f\u00f8rste time av trygge og vennlige l\u00e6rere.<\/h2>\t\t\t\t<\/div>\n\t\t\t\t<\/div>\n\t\t\t\t<div class=\"elementor-element elementor-element-276c8f8 elementor-widget__width-initial elementor-widget elementor-widget-button\" data-id=\"276c8f8\" data-element_type=\"widget\" data-e-type=\"widget\" data-widget_type=\"button.default\">\n\t\t\t\t<div class=\"elementor-widget-container\">\n\t\t\t\t\t\t\t\t\t<div class=\"elementor-button-wrapper\">\n\t\t\t\t\t<a class=\"elementor-button elementor-button-link elementor-size-sm elementor-animation-grow\" href=\"\/kontakt-oss\/\">\n\t\t\t\t\t\t<span class=\"elementor-button-content-wrapper\">\n\t\t\t\t\t\t\t\t\t<span class=\"elementor-button-text\">Kontakt oss<\/span>\n\t\t\t\t\t<\/span>\n\t\t\t\t\t<\/a>\n\t\t\t\t<\/div>\n\t\t\t\t\t\t\t\t<\/div>\n\t\t\t\t<\/div>\n\t\t\t\t<\/div>\n\t\t\t\t\t<\/div>\n\t\t\t\t<\/div>\n\t\t<div class=\"elementor-element elementor-element-dc628a0 e-flex e-con-boxed e-con e-parent\" data-id=\"dc628a0\" data-element_type=\"container\" data-e-type=\"container\" data-settings=\"{&quot;background_background&quot;:&quot;classic&quot;,&quot;_ha_eqh_enable&quot;:false}\">\n\t\t\t\t\t<div class=\"e-con-inner\">\n\t\t<div class=\"elementor-element elementor-element-f0ced92 e-con-full e-flex e-con e-child\" data-id=\"f0ced92\" data-element_type=\"container\" data-e-type=\"container\" data-settings=\"{&quot;_ha_eqh_enable&quot;:false}\">\n\t\t\t\t<div class=\"elementor-element elementor-element-467c04d3 elementor-widget-laptop__width-initial elementor-widget__width-initial elementor-widget elementor-widget-image-box\" data-id=\"467c04d3\" data-element_type=\"widget\" data-e-type=\"widget\" data-widget_type=\"image-box.default\">\n\t\t\t\t<div class=\"elementor-widget-container\">\n\t\t\t\t\t<div class=\"elementor-image-box-wrapper\"><div class=\"elementor-image-box-content\"><h3 class=\"elementor-image-box-title\">Om oss <\/h3><p class=\"elementor-image-box-description\">Centrum Trafikkskole er Bergens st\u00f8rste kj\u00f8reskole. Vi har lang erfaring og gir deg personlig oppf\u00f8lging fra f\u00f8rste time av trygge og vennlige l\u00e6rere.\n<br><br>\n\nVi har som m\u00e5l \u00e5 gj\u00f8re det enkelt og trygt for deg \u00e5 ta f\u00f8rerkort i alle klasser og leverer kvalitet gjennom hele oppl\u00e6ringen.\n\nVi dekker hele Bergensomr\u00e5det \u2013 ta gjerne kontakt s\u00e5 hjelper vi deg p\u00e5 veien til f\u00f8rerkortet!<\/p><\/div><\/div>\t\t\t\t<\/div>\n\t\t\t\t<\/div>\n\t\t\t\t<\/div>\n\t\t<div class=\"elementor-element elementor-element-6f29a3f e-con-full e-flex e-con e-child\" data-id=\"6f29a3f\" data-element_type=\"container\" data-e-type=\"container\" data-settings=\"{&quot;_ha_eqh_enable&quot;:false}\">\n\t\t\t\t<div class=\"elementor-element elementor-element-1dd1a19 elementor-widget-laptop__width-initial elementor-icon-list--layout-traditional elementor-list-item-link-full_width elementor-widget elementor-widget-icon-list\" data-id=\"1dd1a19\" data-element_type=\"widget\" data-e-type=\"widget\" data-widget_type=\"icon-list.default\">\n\t\t\t\t<div class=\"elementor-widget-container\">\n\t\t\t\t\t\t\t<ul class=\"elementor-icon-list-items\">\n\t\t\t\t\t\t\t<li class=\"elementor-icon-list-item\">\n\t\t\t\t\t\t\t\t\t\t\t<span class=\"elementor-icon-list-icon\">\n\t\t\t\t\t\t\t<svg xmlns=\"http:\/\/www.w3.org\/2000\/svg\" width=\"54\" height=\"54\" viewBox=\"0 0 54 54\" fill=\"none\"><path d=\"M15.75 29.025L22.8214 37.125L40.5 16.875\" stroke=\"#F49C00\" stroke-width=\"4\" stroke-linecap=\"round\" stroke-linejoin=\"round\"><\/path><\/svg>\t\t\t\t\t\t<\/span>\n\t\t\t\t\t\t\t\t\t\t<span class=\"elementor-icon-list-text\">Trygg og kostnadseffektiv oppl\u00e6ring<\/span>\n\t\t\t\t\t\t\t\t\t<\/li>\n\t\t\t\t\t\t\t\t<li class=\"elementor-icon-list-item\">\n\t\t\t\t\t\t\t\t\t\t\t<span class=\"elementor-icon-list-icon\">\n\t\t\t\t\t\t\t<svg xmlns=\"http:\/\/www.w3.org\/2000\/svg\" width=\"54\" height=\"54\" viewBox=\"0 0 54 54\" fill=\"none\"><path d=\"M15.75 29.025L22.8214 37.125L40.5 16.875\" stroke=\"#F49C00\" stroke-width=\"4\" stroke-linecap=\"round\" stroke-linejoin=\"round\"><\/path><\/svg>\t\t\t\t\t\t<\/span>\n\t\t\t\t\t\t\t\t\t\t<span class=\"elementor-icon-list-text\">Kvalitetsbeviste og erfarne l\u00e6rere<\/span>\n\t\t\t\t\t\t\t\t\t<\/li>\n\t\t\t\t\t\t\t\t<li class=\"elementor-icon-list-item\">\n\t\t\t\t\t\t\t\t\t\t\t<span class=\"elementor-icon-list-icon\">\n\t\t\t\t\t\t\t<svg xmlns=\"http:\/\/www.w3.org\/2000\/svg\" width=\"54\" height=\"54\" viewBox=\"0 0 54 54\" fill=\"none\"><path d=\"M15.75 29.025L22.8214 37.125L40.5 16.875\" stroke=\"#F49C00\" stroke-width=\"4\" stroke-linecap=\"round\" stroke-linejoin=\"round\"><\/path><\/svg>\t\t\t\t\t\t<\/span>\n\t\t\t\t\t\t\t\t\t\t<span class=\"elementor-icon-list-text\">Fleksibilitet med hensyn til dine behov<\/span>\n\t\t\t\t\t\t\t\t\t<\/li>\n\t\t\t\t\t\t<\/ul>\n\t\t\t\t\t\t<\/div>\n\t\t\t\t<\/div>\n\t\t\t\t<\/div>\n\t\t\t\t\t<\/div>\n\t\t\t\t<\/div>\n\t\t<div class=\"elementor-element elementor-element-ea0e4a4 e-con-full e-flex e-con e-parent\" data-id=\"ea0e4a4\" data-element_type=\"container\" data-e-type=\"container\" data-settings=\"{&quot;background_background&quot;:&quot;classic&quot;,&quot;_ha_eqh_enable&quot;:false}\">\n\t\t\t\t<div class=\"elementor-element elementor-element-c43e23c e-transform elementor-widget__width-initial elementor-view-default elementor-widget elementor-widget-icon\" data-id=\"c43e23c\" data-element_type=\"widget\" data-e-type=\"widget\" data-settings=\"{&quot;motion_fx_motion_fx_scrolling&quot;:&quot;yes&quot;,&quot;motion_fx_devices&quot;:[&quot;desktop&quot;],&quot;motion_fx_motion_fx_mouse&quot;:&quot;yes&quot;,&quot;motion_fx_mouseTrack_effect&quot;:&quot;yes&quot;,&quot;motion_fx_mouseTrack_speed&quot;:{&quot;unit&quot;:&quot;px&quot;,&quot;size&quot;:&quot;0.7&quot;,&quot;sizes&quot;:[]},&quot;_transform_scale_effect_hover&quot;:{&quot;unit&quot;:&quot;px&quot;,&quot;size&quot;:&quot;1.3&quot;,&quot;sizes&quot;:[]},&quot;_transform_scale_effect_hover_widescreen&quot;:{&quot;unit&quot;:&quot;px&quot;,&quot;size&quot;:&quot;&quot;,&quot;sizes&quot;:[]},&quot;_transform_scale_effect_hover_laptop&quot;:{&quot;unit&quot;:&quot;px&quot;,&quot;size&quot;:&quot;&quot;,&quot;sizes&quot;:[]},&quot;_transform_scale_effect_hover_tablet&quot;:{&quot;unit&quot;:&quot;px&quot;,&quot;size&quot;:&quot;&quot;,&quot;sizes&quot;:[]},&quot;_transform_scale_effect_hover_mobile&quot;:{&quot;unit&quot;:&quot;px&quot;,&quot;size&quot;:&quot;&quot;,&quot;sizes&quot;:[]}}\" data-widget_type=\"icon.default\">\n\t\t\t\t<div class=\"elementor-widget-container\">\n\t\t\t\t\t\t\t<div class=\"elementor-icon-wrapper\">\n\t\t\t<div class=\"elementor-icon\">\n\t\t\t<svg aria-hidden=\"true\" class=\"e-font-icon-svg e-fas-car-side\" viewBox=\"0 0 640 512\" xmlns=\"http:\/\/www.w3.org\/2000\/svg\"><path d=\"M544 192h-16L419.22 56.02A64.025 64.025 0 0 0 369.24 32H155.33c-26.17 0-49.7 15.93-59.42 40.23L48 194.26C20.44 201.4 0 226.21 0 256v112c0 8.84 7.16 16 16 16h48c0 53.02 42.98 96 96 96s96-42.98 96-96h128c0 53.02 42.98 96 96 96s96-42.98 96-96h48c8.84 0 16-7.16 16-16v-80c0-53.02-42.98-96-96-96zM160 432c-26.47 0-48-21.53-48-48s21.53-48 48-48 48 21.53 48 48-21.53 48-48 48zm72-240H116.93l38.4-96H232v96zm48 0V96h89.24l76.8 96H280zm200 240c-26.47 0-48-21.53-48-48s21.53-48 48-48 48 21.53 48 48-21.53 48-48 48z\"><\/path><\/svg>\t\t\t<\/div>\n\t\t<\/div>\n\t\t\t\t\t\t<\/div>\n\t\t\t\t<\/div>\n\t\t<div class=\"elementor-element elementor-element-6d73548 e-con-full e-flex e-con e-child\" data-id=\"6d73548\" data-element_type=\"container\" data-e-type=\"container\" data-settings=\"{&quot;_ha_eqh_enable&quot;:false}\">\n\t\t\t\t<div class=\"elementor-element elementor-element-8b59ba4 elementor-widget elementor-widget-heading\" data-id=\"8b59ba4\" data-element_type=\"widget\" data-e-type=\"widget\" data-widget_type=\"heading.default\">\n\t\t\t\t<div class=\"elementor-widget-container\">\n\t\t\t\t\t<h2 class=\"elementor-heading-title elementor-size-default\">Les om Elevfordeler<\/h2>\t\t\t\t<\/div>\n\t\t\t\t<\/div>\n\t\t\t\t<div class=\"elementor-element elementor-element-d431a46 elementor-widget elementor-widget-heading\" data-id=\"d431a46\" data-element_type=\"widget\" data-e-type=\"widget\" data-widget_type=\"heading.default\">\n\t\t\t\t<div class=\"elementor-widget-container\">\n\t\t\t\t\t<p class=\"elementor-heading-title elementor-size-default\">Centrum Trafikkskole har inng\u00e5tt samarbeidsavtaler med ulike bedrifter i Bergen som gir elevene v\u00e5re en rekke fordeler ved fremvisning av elevfordelskortet.\u200b<\/p>\t\t\t\t<\/div>\n\t\t\t\t<\/div>\n\t\t\t\t<div class=\"elementor-element elementor-element-3401625 elementor-widget elementor-widget-button\" data-id=\"3401625\" data-element_type=\"widget\" data-e-type=\"widget\" data-widget_type=\"button.default\">\n\t\t\t\t<div class=\"elementor-widget-container\">\n\t\t\t\t\t\t\t\t\t<div class=\"elementor-button-wrapper\">\n\t\t\t\t\t<a class=\"elementor-button elementor-button-link elementor-size-sm elementor-animation-grow\" href=\"\/elevfordeler\/\">\n\t\t\t\t\t\t<span class=\"elementor-button-content-wrapper\">\n\t\t\t\t\t\t\t\t\t<span class=\"elementor-button-text\">Les mer<\/span>\n\t\t\t\t\t<\/span>\n\t\t\t\t\t<\/a>\n\t\t\t\t<\/div>\n\t\t\t\t\t\t\t\t<\/div>\n\t\t\t\t<\/div>\n\t\t\t\t<\/div>\n\t\t\t\t<div class=\"elementor-element elementor-element-743e72b e-transform elementor-widget__width-initial elementor-widget-mobile__width-initial elementor-view-default elementor-widget elementor-widget-icon\" data-id=\"743e72b\" data-element_type=\"widget\" data-e-type=\"widget\" data-settings=\"{&quot;motion_fx_motion_fx_scrolling&quot;:&quot;yes&quot;,&quot;motion_fx_devices&quot;:[&quot;desktop&quot;],&quot;motion_fx_motion_fx_mouse&quot;:&quot;yes&quot;,&quot;motion_fx_mouseTrack_effect&quot;:&quot;yes&quot;,&quot;motion_fx_mouseTrack_direction&quot;:&quot;negative&quot;,&quot;motion_fx_mouseTrack_speed&quot;:{&quot;unit&quot;:&quot;px&quot;,&quot;size&quot;:&quot;0.7&quot;,&quot;sizes&quot;:[]},&quot;_transform_scale_effect_hover&quot;:{&quot;unit&quot;:&quot;px&quot;,&quot;size&quot;:&quot;1.3&quot;,&quot;sizes&quot;:[]},&quot;_transform_scale_effect_hover_widescreen&quot;:{&quot;unit&quot;:&quot;px&quot;,&quot;size&quot;:&quot;&quot;,&quot;sizes&quot;:[]},&quot;_transform_scale_effect_hover_laptop&quot;:{&quot;unit&quot;:&quot;px&quot;,&quot;size&quot;:&quot;&quot;,&quot;sizes&quot;:[]},&quot;_transform_scale_effect_hover_tablet&quot;:{&quot;unit&quot;:&quot;px&quot;,&quot;size&quot;:&quot;&quot;,&quot;sizes&quot;:[]},&quot;_transform_scale_effect_hover_mobile&quot;:{&quot;unit&quot;:&quot;px&quot;,&quot;size&quot;:&quot;&quot;,&quot;sizes&quot;:[]}}\" data-widget_type=\"icon.default\">\n\t\t\t\t<div class=\"elementor-widget-container\">\n\t\t\t\t\t\t\t<div class=\"elementor-icon-wrapper\">\n\t\t\t<div class=\"elementor-icon\">\n\t\t\t<svg aria-hidden=\"true\" class=\"e-font-icon-svg e-fas-address-book\" viewBox=\"0 0 448 512\" xmlns=\"http:\/\/www.w3.org\/2000\/svg\"><path d=\"M436 160c6.6 0 12-5.4 12-12v-40c0-6.6-5.4-12-12-12h-20V48c0-26.5-21.5-48-48-48H48C21.5 0 0 21.5 0 48v416c0 26.5 21.5 48 48 48h320c26.5 0 48-21.5 48-48v-48h20c6.6 0 12-5.4 12-12v-40c0-6.6-5.4-12-12-12h-20v-64h20c6.6 0 12-5.4 12-12v-40c0-6.6-5.4-12-12-12h-20v-64h20zm-228-32c35.3 0 64 28.7 64 64s-28.7 64-64 64-64-28.7-64-64 28.7-64 64-64zm112 236.8c0 10.6-10 19.2-22.4 19.2H118.4C106 384 96 375.4 96 364.8v-19.2c0-31.8 30.1-57.6 67.2-57.6h5c12.3 5.1 25.7 8 39.8 8s27.6-2.9 39.8-8h5c37.1 0 67.2 25.8 67.2 57.6v19.2z\"><\/path><\/svg>\t\t\t<\/div>\n\t\t<\/div>\n\t\t\t\t\t\t<\/div>\n\t\t\t\t<\/div>\n\t\t\t\t<\/div>\n\t\t<div class=\"elementor-element elementor-element-277519e e-flex e-con-boxed e-con e-parent\" data-id=\"277519e\" data-element_type=\"container\" data-e-type=\"container\" data-settings=\"{&quot;background_background&quot;:&quot;classic&quot;,&quot;_ha_eqh_enable&quot;:false}\">\n\t\t\t\t\t<div class=\"e-con-inner\">\n\t\t\t\t<div class=\"elementor-element elementor-element-eb00a7f elementor-position-inline-start elementor-view-default elementor-mobile-position-block-start elementor-widget elementor-widget-icon-box\" data-id=\"eb00a7f\" data-element_type=\"widget\" data-e-type=\"widget\" data-widget_type=\"icon-box.default\">\n\t\t\t\t<div class=\"elementor-widget-container\">\n\t\t\t\t\t\t\t<div class=\"elementor-icon-box-wrapper\">\n\n\t\t\t\t\t\t<div class=\"elementor-icon-box-icon\">\n\t\t\t\t<span  class=\"elementor-icon\">\n\t\t\t\t<svg aria-hidden=\"true\" class=\"e-font-icon-svg e-fas-exclamation-circle\" viewBox=\"0 0 512 512\" xmlns=\"http:\/\/www.w3.org\/2000\/svg\"><path d=\"M504 256c0 136.997-111.043 248-248 248S8 392.997 8 256C8 119.083 119.043 8 256 8s248 111.083 248 248zm-248 50c-25.405 0-46 20.595-46 46s20.595 46 46 46 46-20.595 46-46-20.595-46-46-46zm-43.673-165.346l7.418 136c.347 6.364 5.609 11.346 11.982 11.346h48.546c6.373 0 11.635-4.982 11.982-11.346l7.418-136c.375-6.874-5.098-12.654-11.982-12.654h-63.383c-6.884 0-12.356 5.78-11.981 12.654z\"><\/path><\/svg>\t\t\t\t<\/span>\n\t\t\t<\/div>\n\t\t\t\n\t\t\t\t\t\t<div class=\"elementor-icon-box-content\">\n\n\t\t\t\t\t\t\t\t\t<h3 class=\"elementor-icon-box-title\">\n\t\t\t\t\t\t<span  >\n\t\t\t\t\t\t\tPrismatch\t\t\t\t\t\t<\/span>\n\t\t\t\t\t<\/h3>\n\t\t\t\t\n\t\t\t\t\n\t\t\t<\/div>\n\t\t\t\n\t\t<\/div>\n\t\t\t\t\t\t<\/div>\n\t\t\t\t<\/div>\n\t\t\t\t<div class=\"elementor-element elementor-element-a743a2d elementor-widget__width-initial elementor-widget elementor-widget-text-editor\" data-id=\"a743a2d\" data-element_type=\"widget\" data-e-type=\"widget\" data-widget_type=\"text-editor.default\">\n\t\t\t\t<div class=\"elementor-widget-container\">\n\t\t\t\t\t\t\t\t\t<p><strong>Vi matcher prisen<\/strong> dersom du kan dokumentere lavere pris hos en tilsvarende trafikkskole som har lokaler i Bergen sentrum, Fana eller \u00c5sane.<\/p><p>Prisen m\u00e5 v\u00e6re dagsaktuell og allment tilgjengelig. Det skal ikke koster mer \u00e5 velge kvalitet! Prismatch gjelder kj\u00f8retimer klasse B.<\/p>\t\t\t\t\t\t\t\t<\/div>\n\t\t\t\t<\/div>\n\t\t\t\t\t<\/div>\n\t\t\t\t<\/div>\n\t\t\t\t<\/div>\n\t\t","protected":false},"excerpt":{"rendered":"<p>Om oss Centrum Trafikkskole er Bergens st\u00f8rste kj\u00f8reskole. Vi har lang erfaring og gir deg personlig oppf\u00f8lging fra f\u00f8rste time av trygge og vennlige l\u00e6rere. Kontakt oss Om oss Centrum Trafikkskole er Bergens st\u00f8rste kj\u00f8reskole. Vi har lang erfaring og gir deg personlig oppf\u00f8lging fra f\u00f8rste time av trygge og vennlige l\u00e6rere. Vi har som [&hellip;]<\/p>\n","protected":false},"author":1,"featured_media":0,"parent":0,"menu_order":0,"comment_status":"closed","ping_status":"closed","template":"","meta":{"footnotes":""},"class_list":["post-25","page","type-page","status-publish","hentry"],"yoast_head":"<!-- This site is optimized with the Yoast SEO plugin v26.5 - https:\/\/yoast.com\/wordpress\/plugins\/seo\/ -->\n<title>Om oss - Centrum Trafikkskole<\/title>\n<meta name=\"description\" content=\"Centrum Trafikkskole er Bergens st\u00f8rste kj\u00f8reskole. Vi har lang erfaring og gir deg personlig oppf\u00f8lging fra f\u00f8rste time. Ta lappen hos oss\" \/>\n<meta name=\"robots\" content=\"noindex, follow, max-snippet:-1, max-image-preview:large, max-video-preview:-1\" \/>\n<meta property=\"og:locale\" content=\"nb_NO\" \/>\n<meta property=\"og:type\" content=\"article\" \/>\n<meta property=\"og:title\" content=\"Om oss - Centrum Trafikkskole\" \/>\n<meta property=\"og:description\" content=\"Centrum Trafikkskole er Bergens st\u00f8rste kj\u00f8reskole. Vi har lang erfaring og gir deg personlig oppf\u00f8lging fra f\u00f8rste time. Ta lappen hos oss\" \/>\n<meta property=\"og:url\" content=\"https:\/\/centrumtrafikk.no\/gavekort\/om-oss\/\" \/>\n<meta property=\"og:site_name\" content=\"Centrum Trafikkskole\" \/>\n<meta property=\"article:modified_time\" content=\"2026-03-09T08:05:08+00:00\" \/>\n<meta name=\"twitter:card\" content=\"summary_large_image\" \/>\n<meta name=\"twitter:label1\" content=\"Ansl. lesetid\" \/>\n\t<meta name=\"twitter:data1\" content=\"1 minutt\" \/>\n<script type=\"application\/ld+json\" class=\"yoast-schema-graph\">{\"@context\":\"https:\/\/schema.org\",\"@graph\":[{\"@type\":\"WebPage\",\"@id\":\"https:\/\/centrumtrafikk.no\/gavekort\/om-oss\/\",\"url\":\"https:\/\/centrumtrafikk.no\/gavekort\/om-oss\/\",\"name\":\"Om oss - Centrum Trafikkskole\",\"isPartOf\":{\"@id\":\"https:\/\/centrumtrafikk.no\/gavekort\/#website\"},\"datePublished\":\"2024-02-20T10:57:05+00:00\",\"dateModified\":\"2026-03-09T08:05:08+00:00\",\"description\":\"Centrum Trafikkskole er Bergens st\u00f8rste kj\u00f8reskole. Vi har lang erfaring og gir deg personlig oppf\u00f8lging fra f\u00f8rste time. Ta lappen hos oss\",\"breadcrumb\":{\"@id\":\"https:\/\/centrumtrafikk.no\/gavekort\/om-oss\/#breadcrumb\"},\"inLanguage\":\"nb-NO\",\"potentialAction\":[{\"@type\":\"ReadAction\",\"target\":[\"https:\/\/centrumtrafikk.no\/gavekort\/om-oss\/\"]}]},{\"@type\":\"BreadcrumbList\",\"@id\":\"https:\/\/centrumtrafikk.no\/gavekort\/om-oss\/#breadcrumb\",\"itemListElement\":[{\"@type\":\"ListItem\",\"position\":1,\"name\":\"Home\",\"item\":\"https:\/\/centrumtrafikk.no\/gavekort\/\"},{\"@type\":\"ListItem\",\"position\":2,\"name\":\"Om oss\"}]},{\"@type\":\"WebSite\",\"@id\":\"https:\/\/centrumtrafikk.no\/gavekort\/#website\",\"url\":\"https:\/\/centrumtrafikk.no\/gavekort\/\",\"name\":\"Centrum Trafikkskole\",\"description\":\"Bergens st\u00f8rste trafikkskole\",\"publisher\":{\"@id\":\"https:\/\/centrumtrafikk.no\/gavekort\/#organization\"},\"potentialAction\":[{\"@type\":\"SearchAction\",\"target\":{\"@type\":\"EntryPoint\",\"urlTemplate\":\"https:\/\/centrumtrafikk.no\/gavekort\/?s={search_term_string}\"},\"query-input\":{\"@type\":\"PropertyValueSpecification\",\"valueRequired\":true,\"valueName\":\"search_term_string\"}}],\"inLanguage\":\"nb-NO\"},{\"@type\":\"Organization\",\"@id\":\"https:\/\/centrumtrafikk.no\/gavekort\/#organization\",\"name\":\"Centrum Trafikkskole\",\"url\":\"https:\/\/centrumtrafikk.no\/gavekort\/\",\"logo\":{\"@type\":\"ImageObject\",\"inLanguage\":\"nb-NO\",\"@id\":\"https:\/\/centrumtrafikk.no\/gavekort\/#\/schema\/logo\/image\/\",\"url\":\"https:\/\/centrumtrafikk.no\/gavekort\/wp-content\/uploads\/2024\/02\/centrum_trafikkskole-logo.png\",\"contentUrl\":\"https:\/\/centrumtrafikk.no\/gavekort\/wp-content\/uploads\/2024\/02\/centrum_trafikkskole-logo.png\",\"width\":1621,\"height\":137,\"caption\":\"Centrum Trafikkskole\"},\"image\":{\"@id\":\"https:\/\/centrumtrafikk.no\/gavekort\/#\/schema\/logo\/image\/\"}}]}<\/script>\n<!-- \/ Yoast SEO plugin. -->","yoast_head_json":{"title":"Om oss - Centrum Trafikkskole","description":"Centrum Trafikkskole er Bergens st\u00f8rste kj\u00f8reskole. Vi har lang erfaring og gir deg personlig oppf\u00f8lging fra f\u00f8rste time. Ta lappen hos oss","robots":{"index":"noindex","follow":"follow","max-snippet":"max-snippet:-1","max-image-preview":"max-image-preview:large","max-video-preview":"max-video-preview:-1"},"og_locale":"nb_NO","og_type":"article","og_title":"Om oss - Centrum Trafikkskole","og_description":"Centrum Trafikkskole er Bergens st\u00f8rste kj\u00f8reskole. Vi har lang erfaring og gir deg personlig oppf\u00f8lging fra f\u00f8rste time. Ta lappen hos oss","og_url":"https:\/\/centrumtrafikk.no\/gavekort\/om-oss\/","og_site_name":"Centrum Trafikkskole","article_modified_time":"2026-03-09T08:05:08+00:00","twitter_card":"summary_large_image","twitter_misc":{"Ansl. lesetid":"1 minutt"},"schema":{"@context":"https:\/\/schema.org","@graph":[{"@type":"WebPage","@id":"https:\/\/centrumtrafikk.no\/gavekort\/om-oss\/","url":"https:\/\/centrumtrafikk.no\/gavekort\/om-oss\/","name":"Om oss - Centrum Trafikkskole","isPartOf":{"@id":"https:\/\/centrumtrafikk.no\/gavekort\/#website"},"datePublished":"2024-02-20T10:57:05+00:00","dateModified":"2026-03-09T08:05:08+00:00","description":"Centrum Trafikkskole er Bergens st\u00f8rste kj\u00f8reskole. Vi har lang erfaring og gir deg personlig oppf\u00f8lging fra f\u00f8rste time. Ta lappen hos oss","breadcrumb":{"@id":"https:\/\/centrumtrafikk.no\/gavekort\/om-oss\/#breadcrumb"},"inLanguage":"nb-NO","potentialAction":[{"@type":"ReadAction","target":["https:\/\/centrumtrafikk.no\/gavekort\/om-oss\/"]}]},{"@type":"BreadcrumbList","@id":"https:\/\/centrumtrafikk.no\/gavekort\/om-oss\/#breadcrumb","itemListElement":[{"@type":"ListItem","position":1,"name":"Home","item":"https:\/\/centrumtrafikk.no\/gavekort\/"},{"@type":"ListItem","position":2,"name":"Om oss"}]},{"@type":"WebSite","@id":"https:\/\/centrumtrafikk.no\/gavekort\/#website","url":"https:\/\/centrumtrafikk.no\/gavekort\/","name":"Centrum Trafikkskole","description":"Bergens st\u00f8rste trafikkskole","publisher":{"@id":"https:\/\/centrumtrafikk.no\/gavekort\/#organization"},"potentialAction":[{"@type":"SearchAction","target":{"@type":"EntryPoint","urlTemplate":"https:\/\/centrumtrafikk.no\/gavekort\/?s={search_term_string}"},"query-input":{"@type":"PropertyValueSpecification","valueRequired":true,"valueName":"search_term_string"}}],"inLanguage":"nb-NO"},{"@type":"Organization","@id":"https:\/\/centrumtrafikk.no\/gavekort\/#organization","name":"Centrum Trafikkskole","url":"https:\/\/centrumtrafikk.no\/gavekort\/","logo":{"@type":"ImageObject","inLanguage":"nb-NO","@id":"https:\/\/centrumtrafikk.no\/gavekort\/#\/schema\/logo\/image\/","url":"https:\/\/centrumtrafikk.no\/gavekort\/wp-content\/uploads\/2024\/02\/centrum_trafikkskole-logo.png","contentUrl":"https:\/\/centrumtrafikk.no\/gavekort\/wp-content\/uploads\/2024\/02\/centrum_trafikkskole-logo.png","width":1621,"height":137,"caption":"Centrum Trafikkskole"},"image":{"@id":"https:\/\/centrumtrafikk.no\/gavekort\/#\/schema\/logo\/image\/"}}]}},"_links":{"self":[{"href":"https:\/\/centrumtrafikk.no\/gavekort\/wp-json\/wp\/v2\/pages\/25","targetHints":{"allow":["GET"]}}],"collection":[{"href":"https:\/\/centrumtrafikk.no\/gavekort\/wp-json\/wp\/v2\/pages"}],"about":[{"href":"https:\/\/centrumtrafikk.no\/gavekort\/wp-json\/wp\/v2\/types\/page"}],"author":[{"embeddable":true,"href":"https:\/\/centrumtrafikk.no\/gavekort\/wp-json\/wp\/v2\/users\/1"}],"replies":[{"embeddable":true,"href":"https:\/\/centrumtrafikk.no\/gavekort\/wp-json\/wp\/v2\/comments?post=25"}],"version-history":[{"count":403,"href":"https:\/\/centrumtrafikk.no\/gavekort\/wp-json\/wp\/v2\/pages\/25\/revisions"}],"predecessor-version":[{"id":7494,"href":"https:\/\/centrumtrafikk.no\/gavekort\/wp-json\/wp\/v2\/pages\/25\/revisions\/7494"}],"wp:attachment":[{"href":"https:\/\/centrumtrafikk.no\/gavekort\/wp-json\/wp\/v2\/media?parent=25"}],"curies":[{"name":"wp","href":"https:\/\/api.w.org\/{rel}","templated":true}]}}